{"id":16,"date":"2021-10-28T00:07:14","date_gmt":"2021-10-28T00:07:14","guid":{"rendered":"https:\/\/janiskiimoveis.com.br\/?page_id=16"},"modified":"2025-09-21T18:05:24","modified_gmt":"2025-09-21T18:05:24","slug":"locacao-2","status":"publish","type":"page","link":"https:\/\/janiskiimoveis.com.br\/index.php\/locacao-2\/","title":{"rendered":"Loca\u00e7\u00e3o"},"content":{"rendered":"\n<section class=\"wp-block-uagb-section uagb-section__wrap uagb-section__background-color uagb-block-de620146\"><div class=\"uagb-section__overlay\"><\/div><div class=\"uagb-section__inner-wrap\">\n<div class=\"wp-block-columns is-layout-flex wp-container-core-columns-is-layout-9d6595d7 wp-block-columns-is-layout-flex\">\n<div class=\"wp-block-column is-layout-flow wp-block-column-is-layout-flow\">\n<div class=\"wp-block-uagb-info-box uagb-infobox__outer-wrap uagb-block-dcff0116\"><div class=\"uagb-infobox__content-wrap uagb-infobox uagb-infobox-has-icon uagb-infobox-icon-above-title uagb-infobox-image-valign-top uagb-infobox-enable-border-radius \"><div class=\"uagb-ifb-left-right-wrap\"><div class=\"uagb-ifb-content\"><div class=\"uagb-ifb-title-wrap\"><h3 class=\"uagb-ifb-title\">Menus<\/h3><\/div><div class=\"uagb-ifb-text-wrap\"><p class=\"uagb-ifb-desc\"><a href=\"https:\/\/janiskiimoveis.com.br\/\" data-type=\"URL\" data-id=\"https:\/\/janiskiimoveis.com.br\/\"><span style=\"color:#ffffff\" class=\"has-inline-color\">Home<\/span><\/a><br><a href=\"https:\/\/janiskiimoveis.com.br\/index.php\/locacao-2\/\" data-type=\"URL\" data-id=\"https:\/\/janiskiimoveis.com.br\/index.php\/locacao-2\/\"><span style=\"color:#ffffff\" class=\"has-inline-color\">Loca\u00e7\u00e3o<\/span><\/a><br><a href=\"https:\/\/janiskiimoveis.com.br\/index.php\/vendas-2\/\" data-type=\"URL\" data-id=\"https:\/\/janiskiimoveis.com.br\/index.php\/vendas-2\/\"><span style=\"color:#ffffff\" class=\"has-inline-color\">Vendas<\/span><\/a><br><a href=\"https:\/\/janiskiimoveis.com.br\/index.php\/contato-2\/\" data-type=\"URL\" data-id=\"https:\/\/janiskiimoveis.com.br\/index.php\/contato-2\/\"><span class=\"has-inline-color has-ast-global-color-5-color\">Contato<\/span><\/a><\/p><\/div><\/div><\/div><\/div><\/div>\n<\/div>\n\n\n\n<div class=\"wp-block-column is-layout-flow wp-block-column-is-layout-flow\">\n<div class=\"wp-block-uagb-info-box uagb-infobox__outer-wrap uagb-block-47dbf95e\"><div class=\"uagb-infobox__content-wrap uagb-infobox uagb-infobox-has-icon uagb-infobox-icon-above-title uagb-infobox-image-valign-top uagb-infobox-enable-border-radius \"><div class=\"uagb-ifb-left-right-wrap\"><div class=\"uagb-ifb-content\"><div class=\"uagb-ifb-title-wrap\"><h3 class=\"uagb-ifb-title\">Atendimento<\/h3><\/div><div class=\"uagb-ifb-text-wrap\"><p class=\"uagb-ifb-desc\">Segunda \u00e0 Sexta:<br>8:30h \u00e0s 11:30<br>13:30 \u00e0s 17:30.<\/p><\/div><\/div><\/div><\/div><\/div>\n<\/div>\n\n\n\n<div class=\"wp-block-column is-layout-flow wp-block-column-is-layout-flow\">\n<div class=\"wp-block-uagb-info-box uagb-infobox__outer-wrap uagb-block-ec3cad87\"><div class=\"uagb-infobox__content-wrap uagb-infobox uagb-infobox-has-icon uagb-infobox-icon-above-title uagb-infobox-image-valign-top uagb-infobox-enable-border-radius \"><div class=\"uagb-ifb-left-right-wrap\"><div class=\"uagb-ifb-content\"><div class=\"uagb-ifb-title-wrap\"><h3 class=\"uagb-ifb-title\">Localiza\u00e7\u00e3o<\/h3><\/div><div class=\"uagb-ifb-text-wrap\"><p class=\"uagb-ifb-desc\">Rua Cel. Pires, 1465 &#8211; Irati\/PR<br>e-mail:janiskiimoveis@janiskiimoveis.com.br.<\/p><\/div><\/div><\/div><\/div><\/div>\n<\/div>\n<\/div>\n<\/div><\/section>\n","protected":false},"excerpt":{"rendered":"","protected":false},"author":1,"featured_media":0,"parent":0,"menu_order":0,"comment_status":"closed","ping_status":"closed","template":"","meta":{"site-sidebar-layout":"no-sidebar","site-content-layout":"page-builder","ast-main-header-display":"","ast-hfb-above-header-display":"","ast-hfb-mobile-header-display":"","site-post-title":"disabled","ast-breadcrumbs-content":"","ast-featured-img":"","footer-sml-layout":"","theme-transparent-header-meta":"default","adv-header-id-meta":"","stick-header-meta":"","header-above-stick-meta":"","header-main-stick-meta":"","header-below-stick-meta":"","footnotes":""},"class_list":["post-16","page","type-page","status-publish","hentry"],"uagb_featured_image_src":{"full":false,"thumbnail":false,"medium":false,"medium_large":false,"large":false,"1536x1536":false,"2048x2048":false},"uagb_author_info":{"display_name":"admin","author_link":"https:\/\/janiskiimoveis.com.br\/index.php\/author\/admin_testelw\/"},"uagb_comment_info":0,"uagb_excerpt":null,"_links":{"self":[{"href":"https:\/\/janiskiimoveis.com.br\/index.php\/wp-json\/wp\/v2\/pages\/16","targetHints":{"allow":["GET"]}}],"collection":[{"href":"https:\/\/janiskiimoveis.com.br\/index.php\/wp-json\/wp\/v2\/pages"}],"about":[{"href":"https:\/\/janiskiimoveis.com.br\/index.php\/wp-json\/wp\/v2\/types\/page"}],"author":[{"embeddable":true,"href":"https:\/\/janiskiimoveis.com.br\/index.php\/wp-json\/wp\/v2\/users\/1"}],"replies":[{"embeddable":true,"href":"https:\/\/janiskiimoveis.com.br\/index.php\/wp-json\/wp\/v2\/comments?post=16"}],"version-history":[{"count":15,"href":"https:\/\/janiskiimoveis.com.br\/index.php\/wp-json\/wp\/v2\/pages\/16\/revisions"}],"predecessor-version":[{"id":442,"href":"https:\/\/janiskiimoveis.com.br\/index.php\/wp-json\/wp\/v2\/pages\/16\/revisions\/442"}],"wp:attachment":[{"href":"https:\/\/janiskiimoveis.com.br\/index.php\/wp-json\/wp\/v2\/media?parent=16"}],"curies":[{"name":"wp","href":"https:\/\/api.w.org\/{rel}","templated":true}]}}